{"id":440,"date":"2020-02-07T15:38:26","date_gmt":"2020-02-07T15:38:26","guid":{"rendered":"https:\/\/gruta.pt\/?page_id=440"},"modified":"2020-11-14T22:27:41","modified_gmt":"2020-11-14T22:27:41","slug":"gremio","status":"publish","type":"page","link":"https:\/\/gruta.pt\/index.php\/gremio\/","title":{"rendered":"Gr\u00e9mio"},"content":{"rendered":"\n<div class=\"wp-block-columns\">\n<div class=\"wp-block-column\">\n<figure class=\"wp-block-image size-large\"><img loading=\"lazy\" width=\"425\" height=\"425\" src=\"https:\/\/gruta.pt\/wp-content\/uploads\/2020\/02\/Marco-Fonseca.jpg\" alt=\"\" class=\"wp-image-427\" srcset=\"https:\/\/gruta.pt\/wp-content\/uploads\/2020\/02\/Marco-Fonseca.jpg 425w, https:\/\/gruta.pt\/wp-content\/uploads\/2020\/02\/Marco-Fonseca-300x300.jpg 300w, https:\/\/gruta.pt\/wp-content\/uploads\/2020\/02\/Marco-Fonseca-150x150.jpg 150w\" sizes=\"(max-width: 425px) 100vw, 425px\" \/><\/figure>\n\n\n\n<p class=\"has-text-align-center\" style=\"font-size:14px\">Marco Fonseca, Arquiteto (PT)<\/p>\n\n\n\n<p class=\"has-text-align-center\" style=\"font-size:14px\">0049 170 8415680 <\/p>\n\n\n\n<figure class=\"wp-block-image size-large\"><img loading=\"lazy\" width=\"425\" height=\"425\" src=\"https:\/\/gruta.pt\/wp-content\/uploads\/2020\/02\/Vasco-Fonseca-2.jpg\" alt=\"\" class=\"wp-image-447\" srcset=\"https:\/\/gruta.pt\/wp-content\/uploads\/2020\/02\/Vasco-Fonseca-2.jpg 425w, https:\/\/gruta.pt\/wp-content\/uploads\/2020\/02\/Vasco-Fonseca-2-300x300.jpg 300w, https:\/\/gruta.pt\/wp-content\/uploads\/2020\/02\/Vasco-Fonseca-2-150x150.jpg 150w\" sizes=\"(max-width: 425px) 100vw, 425px\" \/><\/figure>\n\n\n\n<p class=\"has-text-align-center\" style=\"font-size:14px\">Vasco Fonseca, Solicitador<\/p>\n\n\n\n<p class=\"has-text-align-center\" style=\"font-size:14px\">00351 255 922400<\/p>\n<\/div>\n\n\n\n<div class=\"wp-block-column\">\n<figure class=\"wp-block-image size-large\"><img loading=\"lazy\" width=\"425\" height=\"425\" src=\"https:\/\/gruta.pt\/wp-content\/uploads\/2020\/02\/Fernanda-Cunha.jpg\" alt=\"\" class=\"wp-image-424\" srcset=\"https:\/\/gruta.pt\/wp-content\/uploads\/2020\/02\/Fernanda-Cunha.jpg 425w, https:\/\/gruta.pt\/wp-content\/uploads\/2020\/02\/Fernanda-Cunha-300x300.jpg 300w, https:\/\/gruta.pt\/wp-content\/uploads\/2020\/02\/Fernanda-Cunha-150x150.jpg 150w\" sizes=\"(max-width: 425px) 100vw, 425px\" \/><\/figure>\n\n\n\n<p class=\"has-text-align-center\" style=\"font-size:14px\">Fernanda Cunha, Gerente<\/p>\n\n\n\n<p class=\"has-text-align-center\" style=\"font-size:14px\">00351 255 922400<\/p>\n\n\n\n<div class=\"wp-block-image\"><figure class=\"aligncenter size-large\"><a href=\"http:\/\/www.a3architekten.eu\/\" target=\"_blank\" rel=\"noreferrer noopener\"><img loading=\"lazy\" width=\"425\" height=\"425\" src=\"https:\/\/gruta.pt\/wp-content\/uploads\/2020\/02\/Luisa-Pacheco.jpg\" alt=\"\" class=\"wp-image-454\" srcset=\"https:\/\/gruta.pt\/wp-content\/uploads\/2020\/02\/Luisa-Pacheco.jpg 425w, https:\/\/gruta.pt\/wp-content\/uploads\/2020\/02\/Luisa-Pacheco-300x300.jpg 300w, https:\/\/gruta.pt\/wp-content\/uploads\/2020\/02\/Luisa-Pacheco-150x150.jpg 150w\" sizes=\"(max-width: 425px) 100vw, 425px\" \/><\/a><\/figure><\/div>\n\n\n\n<p class=\"has-text-align-center\" style=\"font-size:14px\"><a rel=\"noreferrer noopener\" aria-label=\"Lu\u00edsa Goncalves, Arquiteta (opens in a new tab)\" href=\"http:\/\/www.a3architekten.eu\/\" target=\"_blank\">Lu\u00edsa Gon\u00e7alves<\/a>, Arquiteta (DE)<\/p>\n\n\n\n<p class=\"has-text-align-center\" style=\"font-size:14px\">A3 Architekten Berlin-D\u00fcsseldorf <\/p>\n<\/div>\n\n\n\n<div class=\"wp-block-column\">\n<figure class=\"wp-block-image size-large\"><a href=\"https:\/\/cargocollective.com\/arabrabfonseca\" target=\"_blank\" rel=\"noreferrer noopener\"><img loading=\"lazy\" width=\"425\" height=\"425\" src=\"https:\/\/gruta.pt\/wp-content\/uploads\/2020\/02\/Ana-Barbara-2.jpg\" alt=\"\" class=\"wp-image-523\" srcset=\"https:\/\/gruta.pt\/wp-content\/uploads\/2020\/02\/Ana-Barbara-2.jpg 425w, https:\/\/gruta.pt\/wp-content\/uploads\/2020\/02\/Ana-Barbara-2-300x300.jpg 300w, https:\/\/gruta.pt\/wp-content\/uploads\/2020\/02\/Ana-Barbara-2-150x150.jpg 150w\" sizes=\"(max-width: 425px) 100vw, 425px\" \/><\/a><\/figure>\n\n\n\n<p class=\"has-text-align-center\" style=\"font-size:14px\"><a rel=\"noreferrer noopener\" aria-label=\"Ana B\u00e1rbara, Artista (opens in a new tab)\" href=\"https:\/\/cargocollective.com\/arabrabfonseca\" target=\"_blank\">Ana B\u00e1rbara<\/a>, Artista<\/p>\n\n\n\n<p class=\"has-text-align-center\" style=\"font-size:14px\">0049 178 9746324 <\/p>\n\n\n\n<p class=\"has-text-align-center\" style=\"font-size:14px\"><\/p>\n<\/div>\n<\/div>\n","protected":false},"excerpt":{"rendered":"<p>Marco Fonseca, Arquiteto (PT) 0049 170 8415680 Vasco Fonseca, Solicitador 00351 255 922400 Fernanda Cunha, Gerente 00351 255 922400 Lu\u00edsa Gon\u00e7alves, Arquiteta (DE) A3 Architekten Berlin-D\u00fcsseldorf Ana B\u00e1rbara, Artista 0049 178 9746324<\/p>\n","protected":false},"author":1,"featured_media":0,"parent":0,"menu_order":0,"comment_status":"closed","ping_status":"closed","template":"","meta":[],"yoast_head":"<!-- This site is optimized with the Yoast SEO plugin v15.9.2 - https:\/\/yoast.com\/wordpress\/plugins\/seo\/ -->\n<title>Gr\u00e9mio - Gr\u00e9mio de Utopias Arquitect\u00f3nicas<\/title>\n<link rel=\"canonical\" href=\"https:\/\/gruta.pt\/index.php\/gremio\/\" \/>\n<meta property=\"og:locale\" content=\"pt_PT\" \/>\n<meta property=\"og:type\" content=\"article\" \/>\n<meta property=\"og:title\" content=\"Gr\u00e9mio - Gr\u00e9mio de Utopias Arquitect\u00f3nicas\" \/>\n<meta property=\"og:description\" content=\"Marco Fonseca, Arquiteto (PT) 0049 170 8415680 Vasco Fonseca, Solicitador 00351 255 922400 Fernanda Cunha, Gerente 00351 255 922400 Lu\u00edsa Gon\u00e7alves, Arquiteta (DE) A3 Architekten Berlin-D\u00fcsseldorf Ana B\u00e1rbara, Artista 0049 178 9746324\" \/>\n<meta property=\"og:url\" content=\"https:\/\/gruta.pt\/index.php\/gremio\/\" \/>\n<meta property=\"og:site_name\" content=\"Gr\u00e9mio de Utopias Arquitect\u00f3nicas\" \/>\n<meta property=\"article:modified_time\" content=\"2020-11-14T22:27:41+00:00\" \/>\n<meta property=\"og:image\" content=\"https:\/\/gruta.pt\/wp-content\/uploads\/2020\/02\/Marco-Fonseca.jpg\" \/>\n<meta name=\"twitter:card\" content=\"summary_large_image\" \/>\n<script type=\"application\/ld+json\" class=\"yoast-schema-graph\">{\"@context\":\"https:\/\/schema.org\",\"@graph\":[{\"@type\":\"Organization\",\"@id\":\"https:\/\/gruta.pt\/#organization\",\"name\":\"GRUTA\",\"url\":\"https:\/\/gruta.pt\/\",\"sameAs\":[],\"logo\":{\"@type\":\"ImageObject\",\"@id\":\"https:\/\/gruta.pt\/#logo\",\"inLanguage\":\"pt-PT\",\"url\":\"https:\/\/gruta.pt\/wp-content\/uploads\/2020\/02\/Unbenannt.png\",\"width\":540,\"height\":521,\"caption\":\"GRUTA\"},\"image\":{\"@id\":\"https:\/\/gruta.pt\/#logo\"}},{\"@type\":\"WebSite\",\"@id\":\"https:\/\/gruta.pt\/#website\",\"url\":\"https:\/\/gruta.pt\/\",\"name\":\"Gr\\u00e9mio de Utopias Arquitect\\u00f3nicas\",\"description\":\"\",\"publisher\":{\"@id\":\"https:\/\/gruta.pt\/#organization\"},\"potentialAction\":[{\"@type\":\"SearchAction\",\"target\":\"https:\/\/gruta.pt\/?s={search_term_string}\",\"query-input\":\"required name=search_term_string\"}],\"inLanguage\":\"pt-PT\"},{\"@type\":\"ImageObject\",\"@id\":\"https:\/\/gruta.pt\/index.php\/gremio\/#primaryimage\",\"inLanguage\":\"pt-PT\",\"url\":\"https:\/\/gruta.pt\/wp-content\/uploads\/2020\/02\/Marco-Fonseca.jpg\",\"width\":425,\"height\":425},{\"@type\":\"WebPage\",\"@id\":\"https:\/\/gruta.pt\/index.php\/gremio\/#webpage\",\"url\":\"https:\/\/gruta.pt\/index.php\/gremio\/\",\"name\":\"Gr\\u00e9mio - Gr\\u00e9mio de Utopias Arquitect\\u00f3nicas\",\"isPartOf\":{\"@id\":\"https:\/\/gruta.pt\/#website\"},\"primaryImageOfPage\":{\"@id\":\"https:\/\/gruta.pt\/index.php\/gremio\/#primaryimage\"},\"datePublished\":\"2020-02-07T15:38:26+00:00\",\"dateModified\":\"2020-11-14T22:27:41+00:00\",\"breadcrumb\":{\"@id\":\"https:\/\/gruta.pt\/index.php\/gremio\/#breadcrumb\"},\"inLanguage\":\"pt-PT\",\"potentialAction\":[{\"@type\":\"ReadAction\",\"target\":[\"https:\/\/gruta.pt\/index.php\/gremio\/\"]}]},{\"@type\":\"BreadcrumbList\",\"@id\":\"https:\/\/gruta.pt\/index.php\/gremio\/#breadcrumb\",\"itemListElement\":[{\"@type\":\"ListItem\",\"position\":1,\"item\":{\"@type\":\"WebPage\",\"@id\":\"https:\/\/gruta.pt\/\",\"url\":\"https:\/\/gruta.pt\/\",\"name\":\"In\\u00edcio\"}},{\"@type\":\"ListItem\",\"position\":2,\"item\":{\"@type\":\"WebPage\",\"@id\":\"https:\/\/gruta.pt\/index.php\/gremio\/\",\"url\":\"https:\/\/gruta.pt\/index.php\/gremio\/\",\"name\":\"Gr\\u00e9mio\"}}]}]}<\/script>\n<!-- \/ Yoast SEO plugin. -->","_links":{"self":[{"href":"https:\/\/gruta.pt\/index.php\/wp-json\/wp\/v2\/pages\/440"}],"collection":[{"href":"https:\/\/gruta.pt\/index.php\/wp-json\/wp\/v2\/pages"}],"about":[{"href":"https:\/\/gruta.pt\/index.php\/wp-json\/wp\/v2\/types\/page"}],"author":[{"embeddable":true,"href":"https:\/\/gruta.pt\/index.php\/wp-json\/wp\/v2\/users\/1"}],"replies":[{"embeddable":true,"href":"https:\/\/gruta.pt\/index.php\/wp-json\/wp\/v2\/comments?post=440"}],"version-history":[{"count":25,"href":"https:\/\/gruta.pt\/index.php\/wp-json\/wp\/v2\/pages\/440\/revisions"}],"predecessor-version":[{"id":748,"href":"https:\/\/gruta.pt\/index.php\/wp-json\/wp\/v2\/pages\/440\/revisions\/748"}],"wp:attachment":[{"href":"https:\/\/gruta.pt\/index.php\/wp-json\/wp\/v2\/media?parent=440"}],"curies":[{"name":"wp","href":"https:\/\/api.w.org\/{rel}","templated":true}]}}